{"id":4959,"date":"2022-12-10T19:19:04","date_gmt":"2022-12-10T19:19:04","guid":{"rendered":"https:\/\/zodiac-lab.com\/?page_id=4959"},"modified":"2022-12-12T14:21:31","modified_gmt":"2022-12-12T14:21:31","slug":"free-natal-chart","status":"publish","type":"page","link":"https:\/\/zodiac-lab.com\/de\/free-natal-chart\/","title":{"rendered":"Kostenloses Geburtshoroskop"},"content":{"rendered":"<div data-elementor-type=\"wp-page\" data-elementor-id=\"4959\" class=\"elementor elementor-4959\" data-elementor-post-type=\"page\">\n\t\t\t\t\t\t<section class=\"has_eae_slider elementor-section elementor-top-section elementor-element elementor-element-dd1dbac elementor-section-boxed elementor-section-height-default elementor-section-height-default\" data-id=\"dd1dbac\" data-element_type=\"section\" data-settings=\"{&quot;background_background&quot;:&quot;classic&quot;}\">\n\t\t\t\t\t\t<div class=\"elementor-container elementor-column-gap-default\">\n\t\t\t\t\t<div class=\"has_eae_slider elementor-column elementor-col-100 elementor-top-column elementor-element elementor-element-642e6bf\" data-id=\"642e6bf\" data-element_type=\"column\" data-settings=\"{&quot;background_background&quot;:&quot;classic&quot;}\">\n\t\t\t<div class=\"elementor-widget-wrap elementor-element-populated\">\n\t\t\t\t\t\t<div class=\"elementor-element elementor-element-c2ffe1b elementor-view-default elementor-position-top elementor-mobile-position-top elementor-widget elementor-widget-icon-box\" data-id=\"c2ffe1b\" data-element_type=\"widget\" data-widget_type=\"icon-box.default\">\n\t\t\t\t<div class=\"elementor-widget-container\">\n\t\t\t\t\t\t\t<div class=\"elementor-icon-box-wrapper\">\n\n\t\t\t\t\t\t<div class=\"elementor-icon-box-icon\">\n\t\t\t\t<span  class=\"elementor-icon\">\n\t\t\t\t<svg xmlns=\"http:\/\/www.w3.org\/2000\/svg\" width=\"23\" height=\"23\" viewbox=\"0 0 23 23\" fill=\"none\"><path d=\"M11.7656 0.823242L8.76562 8.82324L0.765625 11.8232L8.76562 14.8232L11.7656 22.8232L14.7656 14.8232L22.7656 11.8232L14.7656 8.82324L11.7656 0.823242Z\" fill=\"#2F2949\"><\/path><\/svg>\t\t\t\t<\/span>\n\t\t\t<\/div>\n\t\t\t\n\t\t\t\t\t\t<div class=\"elementor-icon-box-content\">\n\n\t\t\t\t\t\t\t\t\t<h3 class=\"elementor-icon-box-title\">\n\t\t\t\t\t\t<span  >\n\t\t\t\t\t\t\tKostenloses Geburtshoroskop\t\t\t\t\t\t<\/span>\n\t\t\t\t\t<\/h3>\n\t\t\t\t\n\t\t\t\t\n\t\t\t<\/div>\n\t\t\t\n\t\t<\/div>\n\t\t\t\t\t\t<\/div>\n\t\t\t\t<\/div>\n\t\t\t\t<div class=\"elementor-element elementor-element-d447b13 elementor-widget__width-initial elementor-widget elementor-widget-heading\" data-id=\"d447b13\" data-element_type=\"widget\" data-widget_type=\"heading.default\">\n\t\t\t\t<div class=\"elementor-widget-container\">\n\t\t\t\t\t<h1 class=\"elementor-heading-title elementor-size-default\">Geburtshoroskop mit einem Klick:\nmit Erkl\u00e4rungen und Empfehlungen.<\/h1>\t\t\t\t<\/div>\n\t\t\t\t<\/div>\n\t\t\t\t\t<\/div>\n\t\t<\/div>\n\t\t\t\t\t<\/div>\n\t\t<\/section>\n\t\t\t\t<section class=\"has_eae_slider elementor-section elementor-top-section elementor-element elementor-element-e959aa8 elementor-section-boxed elementor-section-height-default elementor-section-height-default\" data-id=\"e959aa8\" data-element_type=\"section\">\n\t\t\t\t\t\t<div class=\"elementor-container elementor-column-gap-default\">\n\t\t\t\t\t<div class=\"has_eae_slider elementor-column elementor-col-100 elementor-top-column elementor-element elementor-element-d8eb5dd\" data-id=\"d8eb5dd\" data-element_type=\"column\">\n\t\t\t<div class=\"elementor-widget-wrap elementor-element-populated\">\n\t\t\t\t\t\t<div class=\"elementor-element elementor-element-ed6d829 elementor-widget elementor-widget-shortcode\" data-id=\"ed6d829\" data-element_type=\"widget\" data-widget_type=\"shortcode.default\">\n\t\t\t\t<div class=\"elementor-widget-container\">\n\t\t\t\t\t\t\t<div class=\"elementor-shortcode\"><\/div>\n\t\t\t\t\t\t<\/div>\n\t\t\t\t<\/div>\n\t\t\t\t\t<\/div>\n\t\t<\/div>\n\t\t\t\t\t<\/div>\n\t\t<\/section>\n\t\t\t\t<section class=\"has_eae_slider elementor-section elementor-top-section elementor-element elementor-element-0b49f56 elementor-hidden-desktop elementor-hidden-tablet elementor-hidden-mobile_extra elementor-hidden-mobile elementor-section-boxed elementor-section-height-default elementor-section-height-default\" data-id=\"0b49f56\" data-element_type=\"section\">\n\t\t\t\t\t\t<div class=\"elementor-container elementor-column-gap-default\">\n\t\t\t\t\t<div class=\"has_eae_slider elementor-column elementor-col-100 elementor-top-column elementor-element elementor-element-7611ee4\" data-id=\"7611ee4\" data-element_type=\"column\">\n\t\t\t<div class=\"elementor-widget-wrap elementor-element-populated\">\n\t\t\t\t\t\t<div class=\"elementor-element elementor-element-a68efc6 elementor-widget elementor-widget-image\" data-id=\"a68efc6\" data-element_type=\"widget\" data-widget_type=\"image.default\">\n\t\t\t\t<div class=\"elementor-widget-container\">\n\t\t\t\t\t\t\t\t\t\t\t\t\t\t\t<img decoding=\"async\" width=\"134\" height=\"35\" src=\"https:\/\/zodiac-lab.com\/wp-content\/uploads\/2022\/12\/Group-448.svg\" class=\"attachment-full size-full wp-image-4972\" alt=\"\" \/>\t\t\t\t\t\t\t\t\t\t\t\t\t\t\t<\/div>\n\t\t\t\t<\/div>\n\t\t\t\t<div class=\"elementor-element elementor-element-fd35e49 elementor-widget elementor-widget-heading\" data-id=\"fd35e49\" data-element_type=\"widget\" data-widget_type=\"heading.default\">\n\t\t\t\t<div class=\"elementor-widget-container\">\n\t\t\t\t\t<h3 class=\"elementor-heading-title elementor-size-default\">Planeten in H\u00e4usern<\/h3>\t\t\t\t<\/div>\n\t\t\t\t<\/div>\n\t\t\t\t<div class=\"elementor-element elementor-element-585aaa7 elementor-widget elementor-widget-text-editor\" data-id=\"585aaa7\" data-element_type=\"widget\" data-widget_type=\"text-editor.default\">\n\t\t\t\t<div class=\"elementor-widget-container\">\n\t\t\t\t\t\t\t\t\t<p>Zus\u00e4tzlich zur Platzierung der Planeten in den Tierkreiszeichen wird jeder Planet auch in einem Haus platziert. Das Geburtshoroskop besteht haupts\u00e4chlich aus 12 Lebensbereichen, Dom\u00e4nen, auch H\u00e4user genannt. Jedes Haus steht f\u00fcr einen anderen Lebensbereich, wie zum Beispiel Ihre Arbeit, Ihre Familie, Ihre Finanzen und so weiter. Im Folgenden erfahren Sie, welche Bedeutung die Stellung der Planeten in den H\u00e4usern in Ihrem pers\u00f6nlichen Horoskop hat.<\/p>\t\t\t\t\t\t\t\t<\/div>\n\t\t\t\t<\/div>\n\t\t\t\t\t<\/div>\n\t\t<\/div>\n\t\t\t\t\t<\/div>\n\t\t<\/section>\n\t\t\t\t<\/div>","protected":false},"excerpt":{"rendered":"<p>Free Natal Chart Natal chart in a click: with explanation and recommendations. Planets in houses In addition to the placement of the planets in the zodiac signs, each planet is also placed in a house. The birth chart consists mainly of 12 areas of life, domains, also called houses. Each house represents a different area [&hellip;]<\/p>","protected":false},"author":1,"featured_media":5320,"parent":0,"menu_order":0,"comment_status":"closed","ping_status":"closed","template":"elementor_header_footer","meta":{"om_disable_all_campaigns":false,"inline_featured_image":false,"_monsterinsights_skip_tracking":false,"_monsterinsights_sitenote_active":false,"_monsterinsights_sitenote_note":"","_monsterinsights_sitenote_category":0,"footnotes":""},"class_list":["post-4959","page","type-page","status-publish","has-post-thumbnail","hentry"],"yoast_head":"<!-- This site is optimized with the Yoast SEO plugin v24.7 - https:\/\/yoast.com\/wordpress\/plugins\/seo\/ -->\n<title>Free Natal Chart - zodiac-lab.com<\/title>\n<meta name=\"robots\" content=\"index, follow, max-snippet:-1, max-image-preview:large, max-video-preview:-1\" \/>\n<link rel=\"canonical\" href=\"https:\/\/zodiac-lab.com\/de\/free-natal-chart\/\" \/>\n<meta property=\"og:locale\" content=\"de_DE\" \/>\n<meta property=\"og:type\" content=\"article\" \/>\n<meta property=\"og:title\" content=\"Free Natal Chart - zodiac-lab.com\" \/>\n<meta property=\"og:description\" content=\"Free Natal Chart Natal chart in a click: with explanation and recommendations. Planets in houses In addition to the placement of the planets in the zodiac signs, each planet is also placed in a house. The birth chart consists mainly of 12 areas of life, domains, also called houses. Each house represents a different area [&hellip;]\" \/>\n<meta property=\"og:url\" content=\"https:\/\/zodiac-lab.com\/de\/free-natal-chart\/\" \/>\n<meta property=\"og:site_name\" content=\"zodiac-lab.com\" \/>\n<meta property=\"article:modified_time\" content=\"2022-12-12T14:21:31+00:00\" \/>\n<meta property=\"og:image\" content=\"http:\/\/zodiac-lab.com\/wp-content\/uploads\/2022\/12\/1024-\u00d7-514-1.png\" \/>\n\t<meta property=\"og:image:width\" content=\"1024\" \/>\n\t<meta property=\"og:image:height\" content=\"512\" \/>\n\t<meta property=\"og:image:type\" content=\"image\/png\" \/>\n<meta name=\"twitter:card\" content=\"summary_large_image\" \/>\n<meta name=\"twitter:image\" content=\"https:\/\/zodiac-lab.com\/wp-content\/uploads\/2022\/12\/500-\u00d7-261-1.png\" \/>\n<meta name=\"twitter:label1\" content=\"Gesch\u00e4tzte Lesezeit\" \/>\n\t<meta name=\"twitter:data1\" content=\"1\u00a0Minute\" \/>\n<script type=\"application\/ld+json\" class=\"yoast-schema-graph\">{\"@context\":\"https:\/\/schema.org\",\"@graph\":[{\"@type\":\"WebPage\",\"@id\":\"https:\/\/zodiac-lab.com\/free-natal-chart\/\",\"url\":\"https:\/\/zodiac-lab.com\/free-natal-chart\/\",\"name\":\"Free Natal Chart - zodiac-lab.com\",\"isPartOf\":{\"@id\":\"https:\/\/zodiac-lab.com\/#website\"},\"primaryImageOfPage\":{\"@id\":\"https:\/\/zodiac-lab.com\/free-natal-chart\/#primaryimage\"},\"image\":{\"@id\":\"https:\/\/zodiac-lab.com\/free-natal-chart\/#primaryimage\"},\"thumbnailUrl\":\"https:\/\/zodiac-lab.com\/wp-content\/uploads\/2022\/12\/Avatar-1.jpg\",\"datePublished\":\"2022-12-10T19:19:04+00:00\",\"dateModified\":\"2022-12-12T14:21:31+00:00\",\"breadcrumb\":{\"@id\":\"https:\/\/zodiac-lab.com\/free-natal-chart\/#breadcrumb\"},\"inLanguage\":\"de\",\"potentialAction\":[{\"@type\":\"ReadAction\",\"target\":[\"https:\/\/zodiac-lab.com\/free-natal-chart\/\"]}]},{\"@type\":\"ImageObject\",\"inLanguage\":\"de\",\"@id\":\"https:\/\/zodiac-lab.com\/free-natal-chart\/#primaryimage\",\"url\":\"https:\/\/zodiac-lab.com\/wp-content\/uploads\/2022\/12\/Avatar-1.jpg\",\"contentUrl\":\"https:\/\/zodiac-lab.com\/wp-content\/uploads\/2022\/12\/Avatar-1.jpg\",\"width\":1000,\"height\":1000},{\"@type\":\"BreadcrumbList\",\"@id\":\"https:\/\/zodiac-lab.com\/free-natal-chart\/#breadcrumb\",\"itemListElement\":[{\"@type\":\"ListItem\",\"position\":1,\"name\":\"Home\",\"item\":\"https:\/\/zodiac-lab.com\/\"},{\"@type\":\"ListItem\",\"position\":2,\"name\":\"Free Natal Chart\"}]},{\"@type\":\"WebSite\",\"@id\":\"https:\/\/zodiac-lab.com\/#website\",\"url\":\"https:\/\/zodiac-lab.com\/\",\"name\":\"zodiac-lab.com\",\"description\":\"\",\"publisher\":{\"@id\":\"https:\/\/zodiac-lab.com\/#organization\"},\"potentialAction\":[{\"@type\":\"SearchAction\",\"target\":{\"@type\":\"EntryPoint\",\"urlTemplate\":\"https:\/\/zodiac-lab.com\/?s={search_term_string}\"},\"query-input\":{\"@type\":\"PropertyValueSpecification\",\"valueRequired\":true,\"valueName\":\"search_term_string\"}}],\"inLanguage\":\"de\"},{\"@type\":\"Organization\",\"@id\":\"https:\/\/zodiac-lab.com\/#organization\",\"name\":\"zodiac-lab.com\",\"url\":\"https:\/\/zodiac-lab.com\/\",\"logo\":{\"@type\":\"ImageObject\",\"inLanguage\":\"de\",\"@id\":\"https:\/\/zodiac-lab.com\/#\/schema\/logo\/image\/\",\"url\":\"https:\/\/zodiac-lab.com\/wp-content\/uploads\/2022\/12\/cropped-\u0421\u043b\u043e\u0439-2-6.png\",\"contentUrl\":\"https:\/\/zodiac-lab.com\/wp-content\/uploads\/2022\/12\/cropped-\u0421\u043b\u043e\u0439-2-6.png\",\"width\":627,\"height\":153,\"caption\":\"zodiac-lab.com\"},\"image\":{\"@id\":\"https:\/\/zodiac-lab.com\/#\/schema\/logo\/image\/\"}}]}<\/script>\n<!-- \/ Yoast SEO plugin. -->","yoast_head_json":{"title":"Free Natal Chart - zodiac-lab.com","robots":{"index":"index","follow":"follow","max-snippet":"max-snippet:-1","max-image-preview":"max-image-preview:large","max-video-preview":"max-video-preview:-1"},"canonical":"https:\/\/zodiac-lab.com\/de\/free-natal-chart\/","og_locale":"de_DE","og_type":"article","og_title":"Free Natal Chart - zodiac-lab.com","og_description":"Free Natal Chart Natal chart in a click: with explanation and recommendations. Planets in houses In addition to the placement of the planets in the zodiac signs, each planet is also placed in a house. The birth chart consists mainly of 12 areas of life, domains, also called houses. Each house represents a different area [&hellip;]","og_url":"https:\/\/zodiac-lab.com\/de\/free-natal-chart\/","og_site_name":"zodiac-lab.com","article_modified_time":"2022-12-12T14:21:31+00:00","og_image":[{"width":1024,"height":512,"url":"http:\/\/zodiac-lab.com\/wp-content\/uploads\/2022\/12\/1024-\u00d7-514-1.png","type":"image\/png"}],"twitter_card":"summary_large_image","twitter_image":"https:\/\/zodiac-lab.com\/wp-content\/uploads\/2022\/12\/500-\u00d7-261-1.png","twitter_misc":{"Gesch\u00e4tzte Lesezeit":"1\u00a0Minute"},"schema":{"@context":"https:\/\/schema.org","@graph":[{"@type":"WebPage","@id":"https:\/\/zodiac-lab.com\/free-natal-chart\/","url":"https:\/\/zodiac-lab.com\/free-natal-chart\/","name":"Free Natal Chart - zodiac-lab.com","isPartOf":{"@id":"https:\/\/zodiac-lab.com\/#website"},"primaryImageOfPage":{"@id":"https:\/\/zodiac-lab.com\/free-natal-chart\/#primaryimage"},"image":{"@id":"https:\/\/zodiac-lab.com\/free-natal-chart\/#primaryimage"},"thumbnailUrl":"https:\/\/zodiac-lab.com\/wp-content\/uploads\/2022\/12\/Avatar-1.jpg","datePublished":"2022-12-10T19:19:04+00:00","dateModified":"2022-12-12T14:21:31+00:00","breadcrumb":{"@id":"https:\/\/zodiac-lab.com\/free-natal-chart\/#breadcrumb"},"inLanguage":"de","potentialAction":[{"@type":"ReadAction","target":["https:\/\/zodiac-lab.com\/free-natal-chart\/"]}]},{"@type":"ImageObject","inLanguage":"de","@id":"https:\/\/zodiac-lab.com\/free-natal-chart\/#primaryimage","url":"https:\/\/zodiac-lab.com\/wp-content\/uploads\/2022\/12\/Avatar-1.jpg","contentUrl":"https:\/\/zodiac-lab.com\/wp-content\/uploads\/2022\/12\/Avatar-1.jpg","width":1000,"height":1000},{"@type":"BreadcrumbList","@id":"https:\/\/zodiac-lab.com\/free-natal-chart\/#breadcrumb","itemListElement":[{"@type":"ListItem","position":1,"name":"Home","item":"https:\/\/zodiac-lab.com\/"},{"@type":"ListItem","position":2,"name":"Free Natal Chart"}]},{"@type":"WebSite","@id":"https:\/\/zodiac-lab.com\/#website","url":"https:\/\/zodiac-lab.com\/","name":"zodiac-lab.com","description":"","publisher":{"@id":"https:\/\/zodiac-lab.com\/#organization"},"potentialAction":[{"@type":"SearchAction","target":{"@type":"EntryPoint","urlTemplate":"https:\/\/zodiac-lab.com\/?s={search_term_string}"},"query-input":{"@type":"PropertyValueSpecification","valueRequired":true,"valueName":"search_term_string"}}],"inLanguage":"de"},{"@type":"Organization","@id":"https:\/\/zodiac-lab.com\/#organization","name":"zodiac-lab.com","url":"https:\/\/zodiac-lab.com\/","logo":{"@type":"ImageObject","inLanguage":"de","@id":"https:\/\/zodiac-lab.com\/#\/schema\/logo\/image\/","url":"https:\/\/zodiac-lab.com\/wp-content\/uploads\/2022\/12\/cropped-\u0421\u043b\u043e\u0439-2-6.png","contentUrl":"https:\/\/zodiac-lab.com\/wp-content\/uploads\/2022\/12\/cropped-\u0421\u043b\u043e\u0439-2-6.png","width":627,"height":153,"caption":"zodiac-lab.com"},"image":{"@id":"https:\/\/zodiac-lab.com\/#\/schema\/logo\/image\/"}}]}},"_links":{"self":[{"href":"https:\/\/zodiac-lab.com\/de\/wp-json\/wp\/v2\/pages\/4959","targetHints":{"allow":["GET"]}}],"collection":[{"href":"https:\/\/zodiac-lab.com\/de\/wp-json\/wp\/v2\/pages"}],"about":[{"href":"https:\/\/zodiac-lab.com\/de\/wp-json\/wp\/v2\/types\/page"}],"author":[{"embeddable":true,"href":"https:\/\/zodiac-lab.com\/de\/wp-json\/wp\/v2\/users\/1"}],"replies":[{"embeddable":true,"href":"https:\/\/zodiac-lab.com\/de\/wp-json\/wp\/v2\/comments?post=4959"}],"version-history":[{"count":23,"href":"https:\/\/zodiac-lab.com\/de\/wp-json\/wp\/v2\/pages\/4959\/revisions"}],"predecessor-version":[{"id":5264,"href":"https:\/\/zodiac-lab.com\/de\/wp-json\/wp\/v2\/pages\/4959\/revisions\/5264"}],"wp:featuredmedia":[{"embeddable":true,"href":"https:\/\/zodiac-lab.com\/de\/wp-json\/wp\/v2\/media\/5320"}],"wp:attachment":[{"href":"https:\/\/zodiac-lab.com\/de\/wp-json\/wp\/v2\/media?parent=4959"}],"curies":[{"name":"wp","href":"https:\/\/api.w.org\/{rel}","templated":true}]}}