{"id":4885,"date":"2022-12-09T20:39:21","date_gmt":"2022-12-09T20:39:21","guid":{"rendered":"https:\/\/zodiac-lab.com\/?page_id=4885"},"modified":"2026-02-27T09:18:24","modified_gmt":"2026-02-27T09:18:24","slug":"cookie-policy","status":"publish","type":"page","link":"https:\/\/zodiac-lab.com\/de\/cookie-policy\/","title":{"rendered":"Cookie-Richtlinie"},"content":{"rendered":"<div data-elementor-type=\"wp-page\" data-elementor-id=\"4885\" class=\"elementor elementor-4885\" data-elementor-post-type=\"page\">\n\t\t\t\t\t\t<section class=\"has_eae_slider elementor-section elementor-top-section elementor-element elementor-element-3827c8c elementor-section-height-min-height elementor-section-boxed elementor-section-height-default elementor-section-items-middle\" data-id=\"3827c8c\" data-element_type=\"section\" data-settings=\"{&quot;background_background&quot;:&quot;classic&quot;}\">\n\t\t\t\t\t\t<div class=\"elementor-container elementor-column-gap-default\">\n\t\t\t\t\t<div class=\"has_eae_slider elementor-column elementor-col-100 elementor-top-column elementor-element elementor-element-94e68f0\" data-id=\"94e68f0\" data-element_type=\"column\">\n\t\t\t<div class=\"elementor-widget-wrap\">\n\t\t\t\t\t\t\t<\/div>\n\t\t<\/div>\n\t\t\t\t\t<\/div>\n\t\t<\/section>\n\t\t\t\t<section class=\"has_eae_slider elementor-section elementor-top-section elementor-element elementor-element-102059f elementor-section-boxed elementor-section-height-default elementor-section-height-default\" data-id=\"102059f\" data-element_type=\"section\">\n\t\t\t\t\t\t<div class=\"elementor-container elementor-column-gap-default\">\n\t\t\t\t\t<div class=\"has_eae_slider elementor-column elementor-col-100 elementor-top-column elementor-element elementor-element-570e70f\" data-id=\"570e70f\" data-element_type=\"column\">\n\t\t\t<div class=\"elementor-widget-wrap elementor-element-populated\">\n\t\t\t\t\t\t<div class=\"elementor-element elementor-element-e518594 elementor-widget elementor-widget-heading\" data-id=\"e518594\" data-element_type=\"widget\" data-widget_type=\"heading.default\">\n\t\t\t\t<div class=\"elementor-widget-container\">\n\t\t\t\t\t<h2 class=\"elementor-heading-title elementor-size-default\">Cookie-Richtlinie<\/h2>\t\t\t\t<\/div>\n\t\t\t\t<\/div>\n\t\t\t\t<section class=\"has_eae_slider elementor-section elementor-inner-section elementor-element elementor-element-63201c5 elementor-section-boxed elementor-section-height-default elementor-section-height-default\" data-id=\"63201c5\" data-element_type=\"section\">\n\t\t\t\t\t\t<div class=\"elementor-container elementor-column-gap-default\">\n\t\t\t\t\t<div class=\"has_eae_slider elementor-column elementor-col-100 elementor-inner-column elementor-element elementor-element-4198bb1\" data-id=\"4198bb1\" data-element_type=\"column\">\n\t\t\t<div class=\"elementor-widget-wrap elementor-element-populated\">\n\t\t\t\t\t\t<div class=\"elementor-element elementor-element-cee8a72 policy elementor-widget elementor-widget-text-editor\" data-id=\"cee8a72\" data-element_type=\"widget\" data-widget_type=\"text-editor.default\">\n\t\t\t\t<div class=\"elementor-widget-container\">\n\t\t\t\t\t\t\t\t\t<ol><li style=\"font-weight: 400;\" aria-level=\"1\"><span style=\"font-weight: 400;\">Diese Cookie-Richtlinie erkl\u00e4rt, wie <\/span><span style=\"font-weight: 400;\">Stella Fortuna GmbH<\/span><span style=\"font-weight: 400;\">, registriert unter <\/span><span style=\"font-weight: 400;\">2nd Floor College House, 17 King Edwards Road, Ruislip, London, Vereinigtes K\u00f6nigreich, HA4 7AE<\/span><span style=\"font-weight: 400;\">mit seiner Registrierungsnummer <\/span><span style=\"font-weight: 400;\">16311548<\/span><span style=\"font-weight: 400;\">,<\/span><span style=\"font-weight: 400;\"> verwendet Cookies und \u00e4hnliche Technologien, um Ihre Erfahrung auf unserer Website zu verbessern.<\/span><\/li><li style=\"font-weight: 400;\" aria-level=\"1\"><span style=\"font-weight: 400;\">Durch die weitere Nutzung unserer Website erkl\u00e4ren Sie sich mit der Verwendung von Cookies, wie in dieser Richtlinie beschrieben, einverstanden.<\/span><\/li><li style=\"font-weight: 400;\" aria-level=\"1\"><span style=\"font-weight: 400;\">Wir empfehlen Ihnen, diese Richtlinie gr\u00fcndlich zu lesen, um zu verstehen, wie wir Cookies verwalten, sammeln und verwenden.<\/span><\/li><\/ol><h2><span style=\"font-weight: 400;\">Was sind Cookies und wie funktionieren sie?<\/span><\/h2><ol><li style=\"font-weight: 400;\" aria-level=\"1\"><span style=\"font-weight: 400;\">Cookies sind kleine Textdateien, die auf Ihrem Ger\u00e4t gespeichert werden, wenn Sie eine Website besuchen. Diese Dateien sammeln und speichern Daten \u00fcber Ihre Interaktionen mit der Website, z. B. Pr\u00e4ferenzen, Anmeldedaten oder Browsing-Aktivit\u00e4ten. Cookies sind unerl\u00e4sslich, um sicherzustellen, dass Websites reibungslos funktionieren und ein personalisiertes Erlebnis bieten.<\/span><\/li><li style=\"font-weight: 400;\" aria-level=\"1\"><span style=\"font-weight: 400;\">Cookies dienen verschiedenen Zwecken, wie zum Beispiel:<\/span><\/li><\/ol><ul><li style=\"font-weight: 400;\" aria-level=\"1\"><span style=\"font-weight: 400;\">Verbesserung der Benutzerfreundlichkeit der Website.<\/span><\/li><li style=\"font-weight: 400;\" aria-level=\"1\"><span style=\"font-weight: 400;\">Analyse der Leistung der Website.<\/span><\/li><li style=\"font-weight: 400;\" aria-level=\"1\"><span style=\"font-weight: 400;\">Bereitstellung von gezielten und relevanten Werbeinhalten.<\/span><\/li><\/ul><ol><li style=\"font-weight: 400;\" aria-level=\"1\"><span style=\"font-weight: 400;\">Cookies werden nach ihrem Zweck, ihrer Dauer und ihrer Herkunft kategorisiert.<\/span><\/li><\/ol><h2><span style=\"font-weight: 400;\">Kategorien der von Zodiac Lab verwendeten Cookies<\/span><\/h2><p><span style=\"font-weight: 400;\">Wir verwenden verschiedene Arten von Cookies, um die Funktionalit\u00e4t und das Nutzererlebnis auf unserer Website zu optimieren:<\/span><\/p><h3><span style=\"font-weight: 400;\">Unverzichtbare Cookies<\/span><\/h3><p><span style=\"font-weight: 400;\">Diese Cookies sind f\u00fcr den grundlegenden Betrieb unserer Website unerl\u00e4sslich. Sie erm\u00f6glichen Kernfunktionalit\u00e4ten wie:<\/span><\/p><ol><li style=\"font-weight: 400;\" aria-level=\"1\"><span style=\"font-weight: 400;\">Navigieren zwischen Seiten.<\/span><\/li><li style=\"font-weight: 400;\" aria-level=\"1\"><span style=\"font-weight: 400;\">Sicherung des Zugangs zu Sperrbereichen.<\/span><\/li><li style=\"font-weight: 400;\" aria-level=\"1\"><span style=\"font-weight: 400;\">Pflegen von Sitzungsinformationen.<\/span><\/li><\/ol><p><span style=\"font-weight: 400;\">Bestimmte Funktionen der Website k\u00f6nnen ohne diese Cookies nicht richtig funktionieren, und Ihr Surferlebnis k\u00f6nnte erheblich beeintr\u00e4chtigt werden.<\/span><\/p><h3><span style=\"font-weight: 400;\">Analytische\/Leistungs-Cookies<\/span><\/h3><p><span style=\"font-weight: 400;\">Diese Cookies helfen uns zu verstehen, wie Besucher mit unserer Website interagieren. Sie sammeln aggregierte Daten, einschlie\u00dflich:<\/span><\/p><ol><li style=\"font-weight: 400;\" aria-level=\"1\"><span style=\"font-weight: 400;\">H\u00e4ufig besuchte Seiten.<\/span><\/li><li style=\"font-weight: 400;\" aria-level=\"1\"><span style=\"font-weight: 400;\">Navigationspfade.<\/span><\/li><li style=\"font-weight: 400;\" aria-level=\"1\"><span style=\"font-weight: 400;\">Fehler, die beim Browsen aufgetreten sind.<\/span><\/li><\/ol><p><span style=\"font-weight: 400;\">Die aus diesen Cookies gewonnenen Erkenntnisse erm\u00f6glichen es uns, die Funktionalit\u00e4t unserer Website zu verbessern und so ein besseres Nutzererlebnis zu gew\u00e4hrleisten. Analytische Cookies speichern keine pers\u00f6nlichen Informationen.<\/span><\/p><h3><span style=\"font-weight: 400;\">Funktionalit\u00e4t Cookies<\/span><\/h3><p><span style=\"font-weight: 400;\">Funktions-Cookies erm\u00f6glichen es unserer Website, sich an Ihre Pr\u00e4ferenzen und fr\u00fcheren Interaktionen zu erinnern. Beispiele hierf\u00fcr sind:<\/span><\/p><ol><li style=\"font-weight: 400;\" aria-level=\"1\"><span style=\"font-weight: 400;\">Erinnern Sie sich an sprachliche oder regionale Vorlieben.<\/span><\/li><li style=\"font-weight: 400;\" aria-level=\"1\"><span style=\"font-weight: 400;\">Speichern der benutzerdefinierten Anzeigeeinstellungen.<\/span><\/li><\/ol><p><span style=\"font-weight: 400;\">Indem sie sich an Ihre Entscheidungen erinnern, bieten diese Cookies ein ma\u00dfgeschneidertes und nahtloses Surferlebnis.<\/span><\/p><h3><span style=\"font-weight: 400;\">Targeting\/Werbung Cookies<\/span><\/h3><p><span style=\"font-weight: 400;\">Targeting-Cookies liefern Werbung, die auf Ihre Interessen und Surfgewohnheiten abgestimmt ist. Diese Cookies:<\/span><\/p><ol><li style=\"font-weight: 400;\" aria-level=\"1\"><span style=\"font-weight: 400;\">Verfolgen Sie Ihre Interaktionen \u00fcber mehrere Websites hinweg.<\/span><\/li><li style=\"font-weight: 400;\" aria-level=\"1\"><span style=\"font-weight: 400;\">Erlauben Sie uns, die Leistung von Werbekampagnen zu messen.<\/span><\/li><li style=\"font-weight: 400;\" aria-level=\"1\"><span style=\"font-weight: 400;\">So k\u00f6nnen Sie sicherstellen, dass die von Ihnen angezeigten Anzeigen Ihren Pr\u00e4ferenzen entsprechen.<\/span><\/li><\/ol><p><span style=\"font-weight: 400;\">Diese Cookies erm\u00f6glichen es uns auch, unsere Marketingstrategien auf der Grundlage von Daten \u00fcber das Engagement der Nutzer zu optimieren.<\/span><\/p><h2><span style=\"font-weight: 400;\">Unsere Verwendung von Cookies<\/span><\/h2><p><span style=\"font-weight: 400;\">Zodiac Lab verwendet Cookies f\u00fcr verschiedene Zwecke:<\/span><\/p><h3><span style=\"font-weight: 400;\">Sicherstellung der Website-Funktionalit\u00e4t<\/span><\/h3><p><span style=\"font-weight: 400;\">Cookies sind f\u00fcr den reibungslosen Betrieb unserer Website unerl\u00e4sslich. Sie:<\/span><\/p><ol><li style=\"font-weight: 400;\" aria-level=\"1\"><span style=\"font-weight: 400;\">Unterst\u00fctzung von Navigation und Funktionalit\u00e4t.<\/span><\/li><li style=\"font-weight: 400;\" aria-level=\"1\"><span style=\"font-weight: 400;\">Erleichterung von sicheren Transaktionen und sicherem Zugang.<\/span><\/li><\/ol><h3><span style=\"font-weight: 400;\">Verbesserung der Website-Leistung<\/span><\/h3><p><span style=\"font-weight: 400;\">Mit analytischen Cookies \u00fcberwachen wir die Nutzung der Website, um Engp\u00e4sse zu erkennen und die Funktionalit\u00e4t zu verbessern. Die aus diesen Cookies gewonnenen Erkenntnisse erm\u00f6glichen es uns, die Website effizienter und benutzerfreundlicher zu gestalten.<\/span><\/p><h3><span style=\"font-weight: 400;\">Personalisieren Sie Ihr Erlebnis<\/span><\/h3><p><span style=\"font-weight: 400;\">Funktionalit\u00e4ts-Cookies helfen uns, ein ma\u00dfgeschneidertes Erlebnis zu bieten, indem sie sich erinnern:<\/span><\/p><ol><li style=\"font-weight: 400;\" aria-level=\"1\"><span style=\"font-weight: 400;\">Ihre Pr\u00e4ferenzen, z. B. Sprache oder regionale Einstellungen.<\/span><\/li><li style=\"font-weight: 400;\" aria-level=\"1\"><span style=\"font-weight: 400;\">Fr\u00fchere Interaktionen mit der Website, um relevante Inhalte anzubieten.<\/span><\/li><\/ol><h3><span style=\"font-weight: 400;\">Relevante Werbung ausliefern<\/span><\/h3><p><span style=\"font-weight: 400;\">Zielgerichtete Cookies helfen uns, Werbung zu schalten, die Ihren Interessen entspricht. Sie erm\u00f6glichen es uns, die Wirksamkeit von Kampagnen zu verfolgen und sicherzustellen, dass die Werbung auf Ihre Bed\u00fcrfnisse und Vorlieben abgestimmt ist.<\/span><\/p><h2><span style=\"font-weight: 400;\">Wie Sie Ihre Cookie-Pr\u00e4ferenzen verwalten k\u00f6nnen<\/span><\/h2><p><span style=\"font-weight: 400;\">Sie haben die Kontrolle dar\u00fcber, wie Cookies auf Ihrem Ger\u00e4t gespeichert und verwendet werden. Die meisten Webbrowser erm\u00f6glichen Ihnen dies:<\/span><\/p><ol><li style=\"font-weight: 400;\" aria-level=\"1\"><span style=\"font-weight: 400;\">Cookies blockieren oder l\u00f6schen.<\/span><\/li><li style=\"font-weight: 400;\" aria-level=\"1\"><span style=\"font-weight: 400;\">Passen Sie die Datenschutzeinstellungen an.<\/span><\/li><li style=\"font-weight: 400;\" aria-level=\"1\"><span style=\"font-weight: 400;\">Aktivieren Sie Benachrichtigungen, wenn Cookies platziert werden.<\/span><\/li><\/ol><p><span style=\"font-weight: 400;\">Die Deaktivierung von Cookies kann jedoch den Zugang zu bestimmten Funktionen einschr\u00e4nken oder die Funktionalit\u00e4t der Website beeintr\u00e4chtigen. Um Cookies zu verwalten, konsultieren Sie die Einstellungen Ihres Browsers oder besuchen Sie den Hilfebereich Ihres Browseranbieters f\u00fcr detaillierte Anweisungen.<\/span><\/p><h2><span style=\"font-weight: 400;\">Cookies von externen Quellen<\/span><\/h2><p><span style=\"font-weight: 400;\">Zodiac Lab kann Cookies von Drittanbietern integrieren, einschlie\u00dflich:<\/span><\/p><ol><li style=\"font-weight: 400;\" aria-level=\"1\"><b>Analytische Dienstleistungen:<\/b><span style=\"font-weight: 400;\"> Zur Verfolgung und Bewertung der Leistung der Website.<\/span><\/li><li style=\"font-weight: 400;\" aria-level=\"1\"><b>Werbenetzwerke:<\/b><span style=\"font-weight: 400;\"> Zur Bereitstellung gezielter Werbung auf der Grundlage Ihres Surfverhaltens.<\/span><\/li><li style=\"font-weight: 400;\" aria-level=\"1\"><b>Plugins f\u00fcr soziale Medien:<\/b><span style=\"font-weight: 400;\"> Das Teilen von Inhalten auf sozialen Plattformen zu erm\u00f6glichen.<\/span><\/li><\/ol><p><span style=\"font-weight: 400;\">Diese Cookies unterliegen den Datenschutzrichtlinien der jeweiligen Anbieter. Zodiac Lab hat keine Kontrolle \u00fcber die Cookie-Praktiken von Drittanbietern und empfiehlt, deren Richtlinien zu lesen, um deren Datenverarbeitungsprozesse zu verstehen.<\/span><\/p><h2><span style=\"font-weight: 400;\">Aktualisierungen dieser Cookie-Richtlinie<\/span><\/h2><p><span style=\"font-weight: 400;\">Zodiac Lab beh\u00e4lt sich das Recht vor, diese Cookie-Richtlinie bei Bedarf zu aktualisieren. Updates k\u00f6nnen reflektieren:<\/span><\/p><ol><li style=\"font-weight: 400;\" aria-level=\"1\"><span style=\"font-weight: 400;\">\u00c4nderungen in unseren Praktiken.<\/span><\/li><li style=\"font-weight: 400;\" aria-level=\"1\"><span style=\"font-weight: 400;\">Erf\u00fcllung neuer gesetzlicher Anforderungen.<\/span><\/li><li style=\"font-weight: 400;\" aria-level=\"1\"><span style=\"font-weight: 400;\">Verbesserungen von Website-Merkmalen oder -Funktionen.<\/span><\/li><\/ol><p><span style=\"font-weight: 400;\">Wir werden die Nutzer \u00fcber wesentliche \u00c4nderungen informieren, indem wir die \u00fcberarbeitete Richtlinie auf unserer Website ver\u00f6ffentlichen. Die neue Richtlinie tritt unmittelbar nach ihrer Ver\u00f6ffentlichung in Kraft. Wir empfehlen Ihnen, diese Seite regelm\u00e4\u00dfig zu besuchen, um sich \u00fcber unsere Verwendung von Cookies zu informieren.<\/span><\/p><h2><span style=\"font-weight: 400;\">Nehmen Sie Kontakt mit uns auf<\/span><\/h2><p><span style=\"font-weight: 400;\">Bitte geben Sie so viele Details wie m\u00f6glich zu Ihrer Anfrage an, damit wir Ihr Anliegen effektiv bearbeiten k\u00f6nnen. Wenn Sie Fragen oder Bedenken bez\u00fcglich dieser Cookie-Richtlinie haben, k\u00f6nnen Sie uns gerne kontaktieren:<\/span><\/p><ul><li style=\"font-weight: 400;\" aria-level=\"1\"><a href=\"mailto:info@zodiac-lab.com\"><span style=\"font-weight: 400;\">info@zodiac-lab.com<\/span><\/a><\/li><li style=\"font-weight: 400;\" aria-level=\"1\"><a href=\"tel:+447400451984\"><span style=\"font-weight: 400;\">+447400451984<\/span><\/a><\/li><li style=\"font-weight: 400;\" aria-level=\"1\"><a href=\"https:\/\/zodiac-lab.com\/de\/contacts\/\"><span style=\"font-weight: 400;\">https:\/\/zodiac-lab.com\/contacts\/<\/span><\/a><\/li><\/ul>\t\t\t\t\t\t\t\t<\/div>\n\t\t\t\t<\/div>\n\t\t\t\t\t<\/div>\n\t\t<\/div>\n\t\t\t\t\t<\/div>\n\t\t<\/section>\n\t\t\t\t\t<\/div>\n\t\t<\/div>\n\t\t\t\t\t<\/div>\n\t\t<\/section>\n\t\t\t\t<\/div>","protected":false},"excerpt":{"rendered":"<p>Cookie Policy This Cookie Policy explains how Stella Fortuna Ltd, registered at 2nd Floor College House, 17 King Edwards Road, Ruislip, London, United Kingdom, HA4 7AE, with its registration number 16311548, uses cookies and similar technologies to enhance your experience on our website. By continuing to use our website, you consent to the use of [&hellip;]<\/p>","protected":false},"author":1,"featured_media":0,"parent":0,"menu_order":0,"comment_status":"closed","ping_status":"closed","template":"elementor_header_footer","meta":{"om_disable_all_campaigns":false,"inline_featured_image":false,"_monsterinsights_skip_tracking":false,"_monsterinsights_sitenote_active":false,"_monsterinsights_sitenote_note":"","_monsterinsights_sitenote_category":0,"footnotes":""},"class_list":["post-4885","page","type-page","status-publish","hentry"],"yoast_head":"<!-- This site is optimized with the Yoast SEO plugin v24.7 - https:\/\/yoast.com\/wordpress\/plugins\/seo\/ -->\n<title>Cookie Policy - zodiac-lab.com<\/title>\n<meta name=\"robots\" content=\"index, follow, max-snippet:-1, max-image-preview:large, max-video-preview:-1\" \/>\n<link rel=\"canonical\" href=\"https:\/\/zodiac-lab.com\/de\/cookie-policy\/\" \/>\n<meta property=\"og:locale\" content=\"de_DE\" \/>\n<meta property=\"og:type\" content=\"article\" \/>\n<meta property=\"og:title\" content=\"Cookie Policy - zodiac-lab.com\" \/>\n<meta property=\"og:description\" content=\"Cookie Policy This Cookie Policy explains how Stella Fortuna Ltd, registered at 2nd Floor College House, 17 King Edwards Road, Ruislip, London, United Kingdom, HA4 7AE, with its registration number 16311548, uses cookies and similar technologies to enhance your experience on our website. By continuing to use our website, you consent to the use of [&hellip;]\" \/>\n<meta property=\"og:url\" content=\"https:\/\/zodiac-lab.com\/de\/cookie-policy\/\" \/>\n<meta property=\"og:site_name\" content=\"zodiac-lab.com\" \/>\n<meta property=\"article:modified_time\" content=\"2026-02-27T09:18:24+00:00\" \/>\n<meta name=\"twitter:card\" content=\"summary_large_image\" \/>\n<meta name=\"twitter:label1\" content=\"Gesch\u00e4tzte Lesezeit\" \/>\n\t<meta name=\"twitter:data1\" content=\"4\u00a0Minuten\" \/>\n<script type=\"application\/ld+json\" class=\"yoast-schema-graph\">{\"@context\":\"https:\/\/schema.org\",\"@graph\":[{\"@type\":\"WebPage\",\"@id\":\"https:\/\/zodiac-lab.com\/cookie-policy\/\",\"url\":\"https:\/\/zodiac-lab.com\/cookie-policy\/\",\"name\":\"Cookie Policy - zodiac-lab.com\",\"isPartOf\":{\"@id\":\"https:\/\/zodiac-lab.com\/#website\"},\"datePublished\":\"2022-12-09T20:39:21+00:00\",\"dateModified\":\"2026-02-27T09:18:24+00:00\",\"breadcrumb\":{\"@id\":\"https:\/\/zodiac-lab.com\/cookie-policy\/#breadcrumb\"},\"inLanguage\":\"de\",\"potentialAction\":[{\"@type\":\"ReadAction\",\"target\":[\"https:\/\/zodiac-lab.com\/cookie-policy\/\"]}]},{\"@type\":\"BreadcrumbList\",\"@id\":\"https:\/\/zodiac-lab.com\/cookie-policy\/#breadcrumb\",\"itemListElement\":[{\"@type\":\"ListItem\",\"position\":1,\"name\":\"Home\",\"item\":\"https:\/\/zodiac-lab.com\/\"},{\"@type\":\"ListItem\",\"position\":2,\"name\":\"Cookie Policy\"}]},{\"@type\":\"WebSite\",\"@id\":\"https:\/\/zodiac-lab.com\/#website\",\"url\":\"https:\/\/zodiac-lab.com\/\",\"name\":\"zodiac-lab.com\",\"description\":\"\",\"publisher\":{\"@id\":\"https:\/\/zodiac-lab.com\/#organization\"},\"potentialAction\":[{\"@type\":\"SearchAction\",\"target\":{\"@type\":\"EntryPoint\",\"urlTemplate\":\"https:\/\/zodiac-lab.com\/?s={search_term_string}\"},\"query-input\":{\"@type\":\"PropertyValueSpecification\",\"valueRequired\":true,\"valueName\":\"search_term_string\"}}],\"inLanguage\":\"de\"},{\"@type\":\"Organization\",\"@id\":\"https:\/\/zodiac-lab.com\/#organization\",\"name\":\"zodiac-lab.com\",\"url\":\"https:\/\/zodiac-lab.com\/\",\"logo\":{\"@type\":\"ImageObject\",\"inLanguage\":\"de\",\"@id\":\"https:\/\/zodiac-lab.com\/#\/schema\/logo\/image\/\",\"url\":\"https:\/\/zodiac-lab.com\/wp-content\/uploads\/2022\/12\/cropped-\u0421\u043b\u043e\u0439-2-6.png\",\"contentUrl\":\"https:\/\/zodiac-lab.com\/wp-content\/uploads\/2022\/12\/cropped-\u0421\u043b\u043e\u0439-2-6.png\",\"width\":627,\"height\":153,\"caption\":\"zodiac-lab.com\"},\"image\":{\"@id\":\"https:\/\/zodiac-lab.com\/#\/schema\/logo\/image\/\"}}]}<\/script>\n<!-- \/ Yoast SEO plugin. -->","yoast_head_json":{"title":"Cookie Policy - zodiac-lab.com","robots":{"index":"index","follow":"follow","max-snippet":"max-snippet:-1","max-image-preview":"max-image-preview:large","max-video-preview":"max-video-preview:-1"},"canonical":"https:\/\/zodiac-lab.com\/de\/cookie-policy\/","og_locale":"de_DE","og_type":"article","og_title":"Cookie Policy - zodiac-lab.com","og_description":"Cookie Policy This Cookie Policy explains how Stella Fortuna Ltd, registered at 2nd Floor College House, 17 King Edwards Road, Ruislip, London, United Kingdom, HA4 7AE, with its registration number 16311548, uses cookies and similar technologies to enhance your experience on our website. By continuing to use our website, you consent to the use of [&hellip;]","og_url":"https:\/\/zodiac-lab.com\/de\/cookie-policy\/","og_site_name":"zodiac-lab.com","article_modified_time":"2026-02-27T09:18:24+00:00","twitter_card":"summary_large_image","twitter_misc":{"Gesch\u00e4tzte Lesezeit":"4\u00a0Minuten"},"schema":{"@context":"https:\/\/schema.org","@graph":[{"@type":"WebPage","@id":"https:\/\/zodiac-lab.com\/cookie-policy\/","url":"https:\/\/zodiac-lab.com\/cookie-policy\/","name":"Cookie Policy - zodiac-lab.com","isPartOf":{"@id":"https:\/\/zodiac-lab.com\/#website"},"datePublished":"2022-12-09T20:39:21+00:00","dateModified":"2026-02-27T09:18:24+00:00","breadcrumb":{"@id":"https:\/\/zodiac-lab.com\/cookie-policy\/#breadcrumb"},"inLanguage":"de","potentialAction":[{"@type":"ReadAction","target":["https:\/\/zodiac-lab.com\/cookie-policy\/"]}]},{"@type":"BreadcrumbList","@id":"https:\/\/zodiac-lab.com\/cookie-policy\/#breadcrumb","itemListElement":[{"@type":"ListItem","position":1,"name":"Home","item":"https:\/\/zodiac-lab.com\/"},{"@type":"ListItem","position":2,"name":"Cookie Policy"}]},{"@type":"WebSite","@id":"https:\/\/zodiac-lab.com\/#website","url":"https:\/\/zodiac-lab.com\/","name":"zodiac-lab.com","description":"","publisher":{"@id":"https:\/\/zodiac-lab.com\/#organization"},"potentialAction":[{"@type":"SearchAction","target":{"@type":"EntryPoint","urlTemplate":"https:\/\/zodiac-lab.com\/?s={search_term_string}"},"query-input":{"@type":"PropertyValueSpecification","valueRequired":true,"valueName":"search_term_string"}}],"inLanguage":"de"},{"@type":"Organization","@id":"https:\/\/zodiac-lab.com\/#organization","name":"zodiac-lab.com","url":"https:\/\/zodiac-lab.com\/","logo":{"@type":"ImageObject","inLanguage":"de","@id":"https:\/\/zodiac-lab.com\/#\/schema\/logo\/image\/","url":"https:\/\/zodiac-lab.com\/wp-content\/uploads\/2022\/12\/cropped-\u0421\u043b\u043e\u0439-2-6.png","contentUrl":"https:\/\/zodiac-lab.com\/wp-content\/uploads\/2022\/12\/cropped-\u0421\u043b\u043e\u0439-2-6.png","width":627,"height":153,"caption":"zodiac-lab.com"},"image":{"@id":"https:\/\/zodiac-lab.com\/#\/schema\/logo\/image\/"}}]}},"_links":{"self":[{"href":"https:\/\/zodiac-lab.com\/de\/wp-json\/wp\/v2\/pages\/4885","targetHints":{"allow":["GET"]}}],"collection":[{"href":"https:\/\/zodiac-lab.com\/de\/wp-json\/wp\/v2\/pages"}],"about":[{"href":"https:\/\/zodiac-lab.com\/de\/wp-json\/wp\/v2\/types\/page"}],"author":[{"embeddable":true,"href":"https:\/\/zodiac-lab.com\/de\/wp-json\/wp\/v2\/users\/1"}],"replies":[{"embeddable":true,"href":"https:\/\/zodiac-lab.com\/de\/wp-json\/wp\/v2\/comments?post=4885"}],"version-history":[{"count":40,"href":"https:\/\/zodiac-lab.com\/de\/wp-json\/wp\/v2\/pages\/4885\/revisions"}],"predecessor-version":[{"id":13312,"href":"https:\/\/zodiac-lab.com\/de\/wp-json\/wp\/v2\/pages\/4885\/revisions\/13312"}],"wp:attachment":[{"href":"https:\/\/zodiac-lab.com\/de\/wp-json\/wp\/v2\/media?parent=4885"}],"curies":[{"name":"wp","href":"https:\/\/api.w.org\/{rel}","templated":true}]}}